{"id":94,"date":"2020-04-23T04:36:02","date_gmt":"2020-04-23T04:36:02","guid":{"rendered":"https:\/\/demo.thepunte.com\/punte\/charity\/?page_id=94"},"modified":"2021-03-15T16:13:28","modified_gmt":"2021-03-15T16:13:28","slug":"quienes-somos","status":"publish","type":"page","link":"http:\/\/metrica.com.py\/sitio\/quienes-somos\/","title":{"rendered":"Nosotros"},"content":{"rendered":"\t\t<div data-elementor-type=\"wp-page\" data-elementor-id=\"94\" class=\"elementor elementor-94\" data-elementor-settings=\"[]\">\n\t\t\t\t\t\t<div class=\"elementor-inner\">\n\t\t\t\t\t\t\t<div class=\"elementor-section-wrap\">\n\t\t\t\t\t\t\t<section class=\"elementor-section elementor-top-section elementor-element elementor-element-587e0ff5 elementor-section-boxed elementor-section-height-default elementor-section-height-default\" data-id=\"587e0ff5\" data-element_type=\"section\">\n\t\t\t\t\t\t<div class=\"elementor-container elementor-column-gap-default\">\n\t\t\t\t\t\t\t<div class=\"elementor-row\">\n\t\t\t\t\t<div class=\"elementor-column elementor-col-100 elementor-top-column elementor-element elementor-element-2cc33a83\" data-id=\"2cc33a83\" data-element_type=\"column\">\n\t\t\t<div class=\"elementor-column-wrap elementor-element-populated\">\n\t\t\t\t\t\t\t<div class=\"elementor-widget-wrap\">\n\t\t\t\t\t\t<div class=\"elementor-element elementor-element-18a95982 elementor-widget elementor-widget-heading\" data-id=\"18a95982\" data-element_type=\"widget\" data-widget_type=\"heading.default\">\n\t\t\t\t<div class=\"elementor-widget-container\">\n\t\t\t<h2 class=\"elementor-heading-title elementor-size-default\">M\u00e9trica Ingenier\u00eda S.A.<\/h2>\t\t<\/div>\n\t\t\t\t<\/div>\n\t\t\t\t<section class=\"elementor-section elementor-inner-section elementor-element elementor-element-4c0fff6e elementor-section-boxed elementor-section-height-default elementor-section-height-default\" data-id=\"4c0fff6e\" data-element_type=\"section\">\n\t\t\t\t\t\t<div class=\"elementor-container elementor-column-gap-default\">\n\t\t\t\t\t\t\t<div class=\"elementor-row\">\n\t\t\t\t\t<div class=\"elementor-column elementor-col-33 elementor-inner-column elementor-element elementor-element-65ed8f80\" data-id=\"65ed8f80\" data-element_type=\"column\">\n\t\t\t<div class=\"elementor-column-wrap elementor-element-populated\">\n\t\t\t\t\t\t\t<div class=\"elementor-widget-wrap\">\n\t\t\t\t\t\t<div class=\"elementor-element elementor-element-72691921 elementor-view-default elementor-position-top elementor-vertical-align-top elementor-widget elementor-widget-icon-box\" data-id=\"72691921\" data-element_type=\"widget\" data-widget_type=\"icon-box.default\">\n\t\t\t\t<div class=\"elementor-widget-container\">\n\t\t\t\t\t<div class=\"elementor-icon-box-wrapper\">\n\t\t\t\t\t\t<div class=\"elementor-icon-box-icon\">\n\t\t\t\t<span class=\"elementor-icon elementor-animation-\" >\n\t\t\t\t<i aria-hidden=\"true\" class=\"far fa-flag\"><\/i>\t\t\t\t<\/span>\n\t\t\t<\/div>\n\t\t\t\t\t\t<div class=\"elementor-icon-box-content\">\n\t\t\t\t<h3 class=\"elementor-icon-box-title\">\n\t\t\t\t\t<span >SOMOS<\/span>\n\t\t\t\t<\/h3>\n\t\t\t\t\t\t\t\t<p class=\"elementor-icon-box-description\">Una paraguaya consultora de ingenier\u00eda, fundada en el a\u00f1o 2015 especializada en estudios, dise\u00f1os, diagn\u00f3sticos, asesor\u00edas y sistema de gesti\u00f3n de obras viales, amplia experiencia en dise\u00f1o de proyectos de Rehabilitaci\u00f3n y Mantenimiento de Rutas por Niveles de Servicio.<\/p>\n\t\t\t\t\t\t\t<\/div>\n\t\t<\/div>\n\t\t\t\t<\/div>\n\t\t\t\t<\/div>\n\t\t\t\t\t\t<\/div>\n\t\t\t\t\t<\/div>\n\t\t<\/div>\n\t\t\t\t<div class=\"elementor-column elementor-col-33 elementor-inner-column elementor-element elementor-element-6e8a49b9\" data-id=\"6e8a49b9\" data-element_type=\"column\">\n\t\t\t<div class=\"elementor-column-wrap elementor-element-populated\">\n\t\t\t\t\t\t\t<div class=\"elementor-widget-wrap\">\n\t\t\t\t\t\t<div class=\"elementor-element elementor-element-a71962a elementor-widget elementor-widget-spacer\" data-id=\"a71962a\" data-element_type=\"widget\" data-widget_type=\"spacer.default\">\n\t\t\t\t<div class=\"elementor-widget-container\">\n\t\t\t\t\t<div class=\"elementor-spacer\">\n\t\t\t<div class=\"elementor-spacer-inner\"><\/div>\n\t\t<\/div>\n\t\t\t\t<\/div>\n\t\t\t\t<\/div>\n\t\t\t\t<div class=\"elementor-element elementor-element-62d371b elementor-widget elementor-widget-image\" data-id=\"62d371b\" data-element_type=\"widget\" data-widget_type=\"image.default\">\n\t\t\t\t<div class=\"elementor-widget-container\">\n\t\t\t\t\t<div class=\"elementor-image\">\n\t\t\t\t\t\t\t\t\t\t<img loading=\"lazy\" decoding=\"async\" width=\"740\" height=\"225\" src=\"http:\/\/metrica.com.py\/sitio\/wp-content\/uploads\/2021\/01\/LOGO-PNG-e1611251170179-1024x312.png\" class=\"attachment-large size-large\" alt=\"\" srcset=\"http:\/\/metrica.com.py\/sitio\/wp-content\/uploads\/2021\/01\/LOGO-PNG-e1611251170179-1024x312.png 1024w, http:\/\/metrica.com.py\/sitio\/wp-content\/uploads\/2021\/01\/LOGO-PNG-e1611251170179-600x183.png 600w, http:\/\/metrica.com.py\/sitio\/wp-content\/uploads\/2021\/01\/LOGO-PNG-e1611251170179-300x91.png 300w, http:\/\/metrica.com.py\/sitio\/wp-content\/uploads\/2021\/01\/LOGO-PNG-e1611251170179-768x234.png 768w, http:\/\/metrica.com.py\/sitio\/wp-content\/uploads\/2021\/01\/LOGO-PNG-e1611251170179.png 1120w\" sizes=\"auto, (max-width: 740px) 100vw, 740px\" \/>\t\t\t\t\t\t\t\t\t\t\t<\/div>\n\t\t\t\t<\/div>\n\t\t\t\t<\/div>\n\t\t\t\t<div class=\"elementor-element elementor-element-3aae041 elementor-widget elementor-widget-image\" data-id=\"3aae041\" data-element_type=\"widget\" data-widget_type=\"image.default\">\n\t\t\t\t<div class=\"elementor-widget-container\">\n\t\t\t\t\t<div class=\"elementor-image\">\n\t\t\t\t\t\t\t\t\t\t<img loading=\"lazy\" decoding=\"async\" width=\"740\" height=\"571\" src=\"http:\/\/metrica.com.py\/sitio\/wp-content\/uploads\/2021\/01\/que-hacemos-e1611252495179.png\" class=\"attachment-large size-large\" alt=\"\" srcset=\"http:\/\/metrica.com.py\/sitio\/wp-content\/uploads\/2021\/01\/que-hacemos-e1611252495179.png 816w, http:\/\/metrica.com.py\/sitio\/wp-content\/uploads\/2021\/01\/que-hacemos-e1611252495179-600x463.png 600w, http:\/\/metrica.com.py\/sitio\/wp-content\/uploads\/2021\/01\/que-hacemos-e1611252495179-300x232.png 300w, http:\/\/metrica.com.py\/sitio\/wp-content\/uploads\/2021\/01\/que-hacemos-e1611252495179-768x593.png 768w, http:\/\/metrica.com.py\/sitio\/wp-content\/uploads\/2021\/01\/que-hacemos-e1611252495179-598x460.png 598w, http:\/\/metrica.com.py\/sitio\/wp-content\/uploads\/2021\/01\/que-hacemos-e1611252495179-297x228.png 297w\" sizes=\"auto, (max-width: 740px) 100vw, 740px\" \/>\t\t\t\t\t\t\t\t\t\t\t<\/div>\n\t\t\t\t<\/div>\n\t\t\t\t<\/div>\n\t\t\t\t\t\t<\/div>\n\t\t\t\t\t<\/div>\n\t\t<\/div>\n\t\t\t\t<div class=\"elementor-column elementor-col-33 elementor-inner-column elementor-element elementor-element-6dfa7c23\" data-id=\"6dfa7c23\" data-element_type=\"column\">\n\t\t\t<div class=\"elementor-column-wrap elementor-element-populated\">\n\t\t\t\t\t\t\t<div class=\"elementor-widget-wrap\">\n\t\t\t\t\t\t<div class=\"elementor-element elementor-element-b4378da elementor-view-default elementor-position-top elementor-vertical-align-top elementor-widget elementor-widget-icon-box\" data-id=\"b4378da\" data-element_type=\"widget\" data-widget_type=\"icon-box.default\">\n\t\t\t\t<div class=\"elementor-widget-container\">\n\t\t\t\t\t<div class=\"elementor-icon-box-wrapper\">\n\t\t\t\t\t\t<div class=\"elementor-icon-box-icon\">\n\t\t\t\t<span class=\"elementor-icon elementor-animation-\" >\n\t\t\t\t<i aria-hidden=\"true\" class=\"far fa-flag\"><\/i>\t\t\t\t<\/span>\n\t\t\t<\/div>\n\t\t\t\t\t\t<div class=\"elementor-icon-box-content\">\n\t\t\t\t<h3 class=\"elementor-icon-box-title\">\n\t\t\t\t\t<span >MISI\u00d3N<\/span>\n\t\t\t\t<\/h3>\n\t\t\t\t\t\t\t\t<p class=\"elementor-icon-box-description\">Una empresa dedicada a la prestaci\u00f3n de servicios de consultor\u00eda para el dise\u00f1o, evaluaci\u00f3n desarrollo de proyectos viales, asesorando a entidades p\u00fablicas y privadas con recurso humano competente que trabajando en equipo e implementando tecnolog\u00edas innovadoras, proporciona soluciones de calidad.<\/p>\n\t\t\t\t\t\t\t<\/div>\n\t\t<\/div>\n\t\t\t\t<\/div>\n\t\t\t\t<\/div>\n\t\t\t\t\t\t<\/div>\n\t\t\t\t\t<\/div>\n\t\t<\/div>\n\t\t\t\t\t\t\t\t<\/div>\n\t\t\t\t\t<\/div>\n\t\t<\/section>\n\t\t\t\t\t\t<\/div>\n\t\t\t\t\t<\/div>\n\t\t<\/div>\n\t\t\t\t\t\t\t\t<\/div>\n\t\t\t\t\t<\/div>\n\t\t<\/section>\n\t\t\t\t<section class=\"elementor-section elementor-top-section elementor-element elementor-element-1cb35861 elementor-section-stretched elementor-section-boxed elementor-section-height-default elementor-section-height-default\" data-id=\"1cb35861\" data-element_type=\"section\" data-settings=\"{&quot;background_background&quot;:&quot;classic&quot;,&quot;stretch_section&quot;:&quot;section-stretched&quot;}\">\n\t\t\t\t\t\t<div class=\"elementor-container elementor-column-gap-default\">\n\t\t\t\t\t\t\t<div class=\"elementor-row\">\n\t\t\t\t\t<div class=\"elementor-column elementor-col-100 elementor-top-column elementor-element elementor-element-4ceb8f90\" data-id=\"4ceb8f90\" data-element_type=\"column\">\n\t\t\t<div class=\"elementor-column-wrap elementor-element-populated\">\n\t\t\t\t\t\t\t<div class=\"elementor-widget-wrap\">\n\t\t\t\t\t\t<section class=\"elementor-section elementor-inner-section elementor-element elementor-element-c4c854c elementor-section-boxed elementor-section-height-default elementor-section-height-default\" data-id=\"c4c854c\" data-element_type=\"section\">\n\t\t\t\t\t\t<div class=\"elementor-container elementor-column-gap-default\">\n\t\t\t\t\t\t\t<div class=\"elementor-row\">\n\t\t\t\t\t<div class=\"elementor-column elementor-col-50 elementor-inner-column elementor-element elementor-element-a80fd8c\" data-id=\"a80fd8c\" data-element_type=\"column\" data-settings=\"{&quot;background_background&quot;:&quot;classic&quot;}\">\n\t\t\t<div class=\"elementor-column-wrap elementor-element-populated\">\n\t\t\t\t\t\t\t<div class=\"elementor-widget-wrap\">\n\t\t\t\t\t\t<div class=\"elementor-element elementor-element-7c5bd301 elementor-widget elementor-widget-heading\" data-id=\"7c5bd301\" data-element_type=\"widget\" data-widget_type=\"heading.default\">\n\t\t\t\t<div class=\"elementor-widget-container\">\n\t\t\t<h2 class=\"elementor-heading-title elementor-size-default\">Conozca m\u00e1s sobre nuestros trabajos y proyectos.<\/h2>\t\t<\/div>\n\t\t\t\t<\/div>\n\t\t\t\t<div class=\"elementor-element elementor-element-4c3be8b8 elementor-widget elementor-widget-text-editor\" data-id=\"4c3be8b8\" data-element_type=\"widget\" data-widget_type=\"text-editor.default\">\n\t\t\t\t<div class=\"elementor-widget-container\">\n\t\t\t\t\t<div class=\"elementor-text-editor elementor-clearfix\"><p>M\u00e9trica posee una amplia experiencia en dise\u00f1o de proyectos de Rehabilitaci\u00f3n y Mantenimiento de Rutas por Niveles de Servicio (CREMA), habiendo realizado el dise\u00f1o de ingenier\u00eda de m\u00e1s de 1000 km de la red vial en Paraguay.<\/p><\/div>\n\t\t\t\t<\/div>\n\t\t\t\t<\/div>\n\t\t\t\t<div class=\"elementor-element elementor-element-7892d493 elementor-vertical-align-middle elementor-position-top elementor-widget elementor-widget-image-box\" data-id=\"7892d493\" data-element_type=\"widget\" data-widget_type=\"image-box.default\">\n\t\t\t\t<div class=\"elementor-widget-container\">\n\t\t\t<div class=\"elementor-image-box-wrapper\"><figure class=\"elementor-image-box-img\"><a href=\"https:\/\/www.instagram.com\/metrica.py\/\" target=\"_blank\"><img loading=\"lazy\" decoding=\"async\" width=\"300\" height=\"291\" src=\"http:\/\/metrica.com.py\/sitio\/wp-content\/uploads\/2021\/01\/instagram-300x291.png\" class=\"attachment-medium size-medium\" alt=\"\" srcset=\"http:\/\/metrica.com.py\/sitio\/wp-content\/uploads\/2021\/01\/instagram-300x291.png 300w, http:\/\/metrica.com.py\/sitio\/wp-content\/uploads\/2021\/01\/instagram-600x582.png 600w, http:\/\/metrica.com.py\/sitio\/wp-content\/uploads\/2021\/01\/instagram-1024x993.png 1024w, http:\/\/metrica.com.py\/sitio\/wp-content\/uploads\/2021\/01\/instagram-768x745.png 768w, http:\/\/metrica.com.py\/sitio\/wp-content\/uploads\/2021\/01\/instagram-1536x1489.png 1536w, http:\/\/metrica.com.py\/sitio\/wp-content\/uploads\/2021\/01\/instagram-2048x1985.png 2048w\" sizes=\"auto, (max-width: 300px) 100vw, 300px\" \/><\/a><\/figure><div class=\"elementor-image-box-content\"><div class=\"elementor-image-box-title\"><a href=\"https:\/\/www.instagram.com\/metrica.py\/\" target=\"_blank\">siguenos<\/a><\/div><p class=\"elementor-image-box-description\">metrica.py\n<\/p><\/div><\/div>\t\t<\/div>\n\t\t\t\t<\/div>\n\t\t\t\t\t\t<\/div>\n\t\t\t\t\t<\/div>\n\t\t<\/div>\n\t\t\t\t<div class=\"elementor-column elementor-col-50 elementor-inner-column elementor-element elementor-element-39d3e70d\" data-id=\"39d3e70d\" data-element_type=\"column\">\n\t\t\t<div class=\"elementor-column-wrap\">\n\t\t\t\t\t\t\t<div class=\"elementor-widget-wrap\">\n\t\t\t\t\t\t\t\t<\/div>\n\t\t\t\t\t<\/div>\n\t\t<\/div>\n\t\t\t\t\t\t\t\t<\/div>\n\t\t\t\t\t<\/div>\n\t\t<\/section>\n\t\t\t\t\t\t<\/div>\n\t\t\t\t\t<\/div>\n\t\t<\/div>\n\t\t\t\t\t\t\t\t<\/div>\n\t\t\t\t\t<\/div>\n\t\t<\/section>\n\t\t\t\t<section class=\"elementor-section elementor-top-section elementor-element elementor-element-c203df7 elementor-section-full_width elementor-section-stretched elementor-section-height-default elementor-section-height-default\" data-id=\"c203df7\" data-element_type=\"section\" data-settings=\"{&quot;stretch_section&quot;:&quot;section-stretched&quot;,&quot;background_background&quot;:&quot;gradient&quot;}\">\n\t\t\t\t\t\t\t<div class=\"elementor-background-overlay\"><\/div>\n\t\t\t\t\t\t\t<div class=\"elementor-container elementor-column-gap-default\">\n\t\t\t\t\t\t\t<div class=\"elementor-row\">\n\t\t\t\t\t<div class=\"elementor-column elementor-col-50 elementor-top-column elementor-element elementor-element-1d62d54\" data-id=\"1d62d54\" data-element_type=\"column\">\n\t\t\t<div class=\"elementor-column-wrap elementor-element-populated\">\n\t\t\t\t\t\t\t<div class=\"elementor-widget-wrap\">\n\t\t\t\t\t\t<div class=\"elementor-element elementor-element-09a0b76 elementor-widget elementor-widget-text-editor\" data-id=\"09a0b76\" data-element_type=\"widget\" data-widget_type=\"text-editor.default\">\n\t\t\t\t<div class=\"elementor-widget-container\">\n\t\t\t\t\t<div class=\"elementor-text-editor elementor-clearfix\"><p>Tiene alguna consulta?<\/p><\/div>\n\t\t\t\t<\/div>\n\t\t\t\t<\/div>\n\t\t\t\t\t\t<\/div>\n\t\t\t\t\t<\/div>\n\t\t<\/div>\n\t\t\t\t<div class=\"elementor-column elementor-col-50 elementor-top-column elementor-element elementor-element-232be3f\" data-id=\"232be3f\" data-element_type=\"column\">\n\t\t\t<div class=\"elementor-column-wrap elementor-element-populated\">\n\t\t\t\t\t\t\t<div class=\"elementor-widget-wrap\">\n\t\t\t\t\t\t<div class=\"elementor-element elementor-element-4da84b0 elementor-align-left elementor-tablet-align-center elementor-widget elementor-widget-button\" data-id=\"4da84b0\" data-element_type=\"widget\" data-widget_type=\"button.default\">\n\t\t\t\t<div class=\"elementor-widget-container\">\n\t\t\t\t\t<div class=\"elementor-button-wrapper\">\n\t\t\t<a href=\"http:\/\/metrica.com.py\/sitio\/contactanos\" class=\"elementor-button-link elementor-button elementor-size-sm\" role=\"button\">\n\t\t\t\t\t\t<span class=\"elementor-button-content-wrapper\">\n\t\t\t\t\t\t<span class=\"elementor-button-icon elementor-align-icon-left\">\n\t\t\t\t<i aria-hidden=\"true\" class=\"far fa-comment\"><\/i>\t\t\t<\/span>\n\t\t\t\t\t\t<span class=\"elementor-button-text\">CONTACTANOS<\/span>\n\t\t<\/span>\n\t\t\t\t\t<\/a>\n\t\t<\/div>\n\t\t\t\t<\/div>\n\t\t\t\t<\/div>\n\t\t\t\t\t\t<\/div>\n\t\t\t\t\t<\/div>\n\t\t<\/div>\n\t\t\t\t\t\t\t\t<\/div>\n\t\t\t\t\t<\/div>\n\t\t<\/section>\n\t\t\t\t\t\t<\/div>\n\t\t\t\t\t\t<\/div>\n\t\t\t\t\t<\/div>\n\t\t","protected":false},"excerpt":{"rendered":"<p>M\u00e9trica Ingenier\u00eda S.A. SOMOS Una paraguaya consultora de ingenier\u00eda, fundada en el a\u00f1o 2015 especializada en estudios, dise\u00f1os, diagn\u00f3sticos, asesor\u00edas y sistema de gesti\u00f3n de obras viales, amplia experiencia en dise\u00f1o de proyectos de Rehabilitaci\u00f3n y Mantenimiento de Rutas por Niveles de Servicio. MISI\u00d3N Una empresa dedicada a la prestaci\u00f3n de servicios de consultor\u00eda para [&hellip;]<\/p>\n","protected":false},"author":1,"featured_media":0,"parent":0,"menu_order":0,"comment_status":"closed","ping_status":"closed","template":"templates\/vc-template.php","meta":{"footnotes":""},"class_list":["post-94","page","type-page","status-publish","hentry"],"_links":{"self":[{"href":"http:\/\/metrica.com.py\/sitio\/wp-json\/wp\/v2\/pages\/94","targetHints":{"allow":["GET"]}}],"collection":[{"href":"http:\/\/metrica.com.py\/sitio\/wp-json\/wp\/v2\/pages"}],"about":[{"href":"http:\/\/metrica.com.py\/sitio\/wp-json\/wp\/v2\/types\/page"}],"author":[{"embeddable":true,"href":"http:\/\/metrica.com.py\/sitio\/wp-json\/wp\/v2\/users\/1"}],"replies":[{"embeddable":true,"href":"http:\/\/metrica.com.py\/sitio\/wp-json\/wp\/v2\/comments?post=94"}],"version-history":[{"count":31,"href":"http:\/\/metrica.com.py\/sitio\/wp-json\/wp\/v2\/pages\/94\/revisions"}],"predecessor-version":[{"id":553,"href":"http:\/\/metrica.com.py\/sitio\/wp-json\/wp\/v2\/pages\/94\/revisions\/553"}],"wp:attachment":[{"href":"http:\/\/metrica.com.py\/sitio\/wp-json\/wp\/v2\/media?parent=94"}],"curies":[{"name":"wp","href":"https:\/\/api.w.org\/{rel}","templated":true}]}}