{"id":480,"date":"2021-03-12T19:22:52","date_gmt":"2021-03-12T19:22:52","guid":{"rendered":"http:\/\/metrica.com.py\/?page_id=480"},"modified":"2021-03-12T19:30:12","modified_gmt":"2021-03-12T19:30:12","slug":"tecnologia-lidar","status":"publish","type":"page","link":"http:\/\/metrica.com.py\/sitio\/tecnologia-lidar\/","title":{"rendered":"Lidar"},"content":{"rendered":"\t\t<div data-elementor-type=\"wp-page\" data-elementor-id=\"480\" class=\"elementor elementor-480\" data-elementor-settings=\"[]\">\n\t\t\t\t\t\t<div class=\"elementor-inner\">\n\t\t\t\t\t\t\t<div class=\"elementor-section-wrap\">\n\t\t\t\t\t\t\t<section class=\"elementor-section elementor-top-section elementor-element elementor-element-6169ee2e elementor-section-full_width elementor-section-stretched elementor-section-height-default elementor-section-height-default\" data-id=\"6169ee2e\" data-element_type=\"section\" data-settings=\"{&quot;stretch_section&quot;:&quot;section-stretched&quot;}\">\n\t\t\t\t\t\t<div class=\"elementor-container elementor-column-gap-default\">\n\t\t\t\t\t\t\t<div class=\"elementor-row\">\n\t\t\t\t\t<div class=\"elementor-column elementor-col-100 elementor-top-column elementor-element elementor-element-3716c553\" data-id=\"3716c553\" data-element_type=\"column\">\n\t\t\t<div class=\"elementor-column-wrap elementor-element-populated\">\n\t\t\t\t\t\t\t<div class=\"elementor-widget-wrap\">\n\t\t\t\t\t\t<div class=\"elementor-element elementor-element-3cf724af elementor-widget elementor-widget-heading\" data-id=\"3cf724af\" data-element_type=\"widget\" data-widget_type=\"heading.default\">\n\t\t\t\t<div class=\"elementor-widget-container\">\n\t\t\t<h1 class=\"elementor-heading-title elementor-size-default\">Tecnolog\u00eda LIDAR<\/h1>\t\t<\/div>\n\t\t\t\t<\/div>\n\t\t\t\t<div class=\"elementor-element elementor-element-744bc726 elementor-widget elementor-widget-spacer\" data-id=\"744bc726\" data-element_type=\"widget\" data-widget_type=\"spacer.default\">\n\t\t\t\t<div class=\"elementor-widget-container\">\n\t\t\t\t\t<div class=\"elementor-spacer\">\n\t\t\t<div class=\"elementor-spacer-inner\"><\/div>\n\t\t<\/div>\n\t\t\t\t<\/div>\n\t\t\t\t<\/div>\n\t\t\t\t\t\t<\/div>\n\t\t\t\t\t<\/div>\n\t\t<\/div>\n\t\t\t\t\t\t\t\t<\/div>\n\t\t\t\t\t<\/div>\n\t\t<\/section>\n\t\t\t\t<section class=\"elementor-section elementor-top-section elementor-element elementor-element-7bbf5ef6 elementor-section-stretched elementor-section-boxed elementor-section-height-default elementor-section-height-default\" data-id=\"7bbf5ef6\" data-element_type=\"section\" data-settings=\"{&quot;stretch_section&quot;:&quot;section-stretched&quot;}\">\n\t\t\t\t\t\t<div class=\"elementor-container elementor-column-gap-default\">\n\t\t\t\t\t\t\t<div class=\"elementor-row\">\n\t\t\t\t\t<div class=\"elementor-column elementor-col-50 elementor-top-column elementor-element elementor-element-43d1f61f\" data-id=\"43d1f61f\" data-element_type=\"column\">\n\t\t\t<div class=\"elementor-column-wrap elementor-element-populated\">\n\t\t\t\t\t\t\t<div class=\"elementor-widget-wrap\">\n\t\t\t\t\t\t<div class=\"elementor-element elementor-element-a5f41d7 elementor-widget elementor-widget-image\" data-id=\"a5f41d7\" data-element_type=\"widget\" data-widget_type=\"image.default\">\n\t\t\t\t<div class=\"elementor-widget-container\">\n\t\t\t\t\t<div class=\"elementor-image\">\n\t\t\t\t\t\t\t\t\t\t<img loading=\"lazy\" decoding=\"async\" width=\"740\" height=\"555\" src=\"http:\/\/metrica.com.py\/sitio\/wp-content\/uploads\/2021\/03\/lidar-1024x768.jpg\" class=\"attachment-large size-large\" alt=\"\" srcset=\"http:\/\/metrica.com.py\/sitio\/wp-content\/uploads\/2021\/03\/lidar-1024x768.jpg 1024w, http:\/\/metrica.com.py\/sitio\/wp-content\/uploads\/2021\/03\/lidar-300x225.jpg 300w, http:\/\/metrica.com.py\/sitio\/wp-content\/uploads\/2021\/03\/lidar-768x576.jpg 768w, http:\/\/metrica.com.py\/sitio\/wp-content\/uploads\/2021\/03\/lidar-1536x1152.jpg 1536w, http:\/\/metrica.com.py\/sitio\/wp-content\/uploads\/2021\/03\/lidar-2048x1536.jpg 2048w, http:\/\/metrica.com.py\/sitio\/wp-content\/uploads\/2021\/03\/lidar-600x450.jpg 600w\" sizes=\"auto, (max-width: 740px) 100vw, 740px\" \/>\t\t\t\t\t\t\t\t\t\t\t<\/div>\n\t\t\t\t<\/div>\n\t\t\t\t<\/div>\n\t\t\t\t\t\t<\/div>\n\t\t\t\t\t<\/div>\n\t\t<\/div>\n\t\t\t\t<div class=\"elementor-column elementor-col-50 elementor-top-column elementor-element elementor-element-26efdc60\" data-id=\"26efdc60\" data-element_type=\"column\">\n\t\t\t<div class=\"elementor-column-wrap elementor-element-populated\">\n\t\t\t\t\t\t\t<div class=\"elementor-widget-wrap\">\n\t\t\t\t\t\t<div class=\"elementor-element elementor-element-477f55d6 elementor-widget elementor-widget-text-editor\" data-id=\"477f55d6\" data-element_type=\"widget\" data-widget_type=\"text-editor.default\">\n\t\t\t\t<div class=\"elementor-widget-container\">\n\t\t\t\t\t<div class=\"elementor-text-editor elementor-clearfix\"><p>Los estudios topogr\u00e1ficos mediante metodolog\u00eda LIDAR para proyectos permite obtener datos del terreno que sean necesarios para la definici\u00f3n de los caminos proyectados, teniendo en cuenta cada tipo de obra. La detecci\u00f3n y alcance de la Luz (LiDAR) es una tecnolog\u00eda de teledetecci\u00f3n basada en l\u00e1ser.<\/p>\n<p>Los trabajos de campo como de gabinete son desarrollados siguiendo los manuales y las normativas del pa\u00eds, abarcando las siguientes actividades:<\/p>\n<ul>\n<li>Definici\u00f3n e Implantaci\u00f3n de puntos en terreno<\/li>\n<li>Relevamiento planim\u00e9trico<\/li>\n<li>Relevamiento altim\u00e9trico<\/li>\n<li>Procesamiento de Datos<\/li>\n<\/ul>\n<p>El LIDAR es un sistema que permite obtener una nube de puntos del terreno tom\u00e1ndolos mediante un esc\u00e1ner l\u00e1ser aerotransportado (Emite pulsos de luz infrarroja que sirven para determinar la distancia entre el sensor y el terreno)<\/p>\n<p>El Drone utilizado es un Matrice 600 Pro, que posee las caracter\u00edsticas necesarias para cumplir los trabajos requeridos, puede llevar una carga de hasta 2,5 kg, posee un tiempo de vuelo de 18 minutos y puede realizar vuelos con vientos de hasta 13 m\/s. El LIDAR utilizado es un V100, que permite un escaneo del terreno de hasta 1200 ptos\/seg, y en el \u00e1ngulo deseado.<\/p><\/div>\n\t\t\t\t<\/div>\n\t\t\t\t<\/div>\n\t\t\t\t\t\t<\/div>\n\t\t\t\t\t<\/div>\n\t\t<\/div>\n\t\t\t\t\t\t\t\t<\/div>\n\t\t\t\t\t<\/div>\n\t\t<\/section>\n\t\t\t\t<section class=\"elementor-section elementor-top-section elementor-element elementor-element-65e8aea elementor-section-stretched elementor-section-boxed elementor-section-height-default elementor-section-height-default\" data-id=\"65e8aea\" data-element_type=\"section\" data-settings=\"{&quot;stretch_section&quot;:&quot;section-stretched&quot;}\">\n\t\t\t\t\t\t<div class=\"elementor-container elementor-column-gap-default\">\n\t\t\t\t\t\t\t<div class=\"elementor-row\">\n\t\t\t\t\t<div class=\"elementor-column elementor-col-100 elementor-top-column elementor-element elementor-element-38da8ed8\" data-id=\"38da8ed8\" data-element_type=\"column\">\n\t\t\t<div class=\"elementor-column-wrap elementor-element-populated\">\n\t\t\t\t\t\t\t<div class=\"elementor-widget-wrap\">\n\t\t\t\t\t\t<div class=\"elementor-element elementor-element-176af5f6 elementor-widget elementor-widget-spacer\" data-id=\"176af5f6\" data-element_type=\"widget\" data-widget_type=\"spacer.default\">\n\t\t\t\t<div class=\"elementor-widget-container\">\n\t\t\t\t\t<div class=\"elementor-spacer\">\n\t\t\t<div class=\"elementor-spacer-inner\"><\/div>\n\t\t<\/div>\n\t\t\t\t<\/div>\n\t\t\t\t<\/div>\n\t\t\t\t\t\t<\/div>\n\t\t\t\t\t<\/div>\n\t\t<\/div>\n\t\t\t\t\t\t\t\t<\/div>\n\t\t\t\t\t<\/div>\n\t\t<\/section>\n\t\t\t\t\t\t<\/div>\n\t\t\t\t\t\t<\/div>\n\t\t\t\t\t<\/div>\n\t\t","protected":false},"excerpt":{"rendered":"<p>Tecnolog\u00eda LIDAR Los estudios topogr\u00e1ficos mediante metodolog\u00eda LIDAR para proyectos permite obtener datos del terreno que sean necesarios para la definici\u00f3n de los caminos proyectados, teniendo en cuenta cada tipo de obra. La detecci\u00f3n y alcance de la Luz (LiDAR) es una tecnolog\u00eda de teledetecci\u00f3n basada en l\u00e1ser. Los trabajos de campo como de gabinete [&hellip;]<\/p>\n","protected":false},"author":1,"featured_media":0,"parent":0,"menu_order":0,"comment_status":"closed","ping_status":"closed","template":"","meta":{"footnotes":""},"class_list":["post-480","page","type-page","status-publish","hentry"],"_links":{"self":[{"href":"http:\/\/metrica.com.py\/sitio\/wp-json\/wp\/v2\/pages\/480","targetHints":{"allow":["GET"]}}],"collection":[{"href":"http:\/\/metrica.com.py\/sitio\/wp-json\/wp\/v2\/pages"}],"about":[{"href":"http:\/\/metrica.com.py\/sitio\/wp-json\/wp\/v2\/types\/page"}],"author":[{"embeddable":true,"href":"http:\/\/metrica.com.py\/sitio\/wp-json\/wp\/v2\/users\/1"}],"replies":[{"embeddable":true,"href":"http:\/\/metrica.com.py\/sitio\/wp-json\/wp\/v2\/comments?post=480"}],"version-history":[{"count":4,"href":"http:\/\/metrica.com.py\/sitio\/wp-json\/wp\/v2\/pages\/480\/revisions"}],"predecessor-version":[{"id":485,"href":"http:\/\/metrica.com.py\/sitio\/wp-json\/wp\/v2\/pages\/480\/revisions\/485"}],"wp:attachment":[{"href":"http:\/\/metrica.com.py\/sitio\/wp-json\/wp\/v2\/media?parent=480"}],"curies":[{"name":"wp","href":"https:\/\/api.w.org\/{rel}","templated":true}]}}