{"id":377,"date":"2021-01-26T15:40:43","date_gmt":"2021-01-26T15:40:43","guid":{"rendered":"http:\/\/metrica.com.py\/?page_id=377"},"modified":"2021-01-26T17:23:57","modified_gmt":"2021-01-26T17:23:57","slug":"equipamientos","status":"publish","type":"page","link":"http:\/\/metrica.com.py\/sitio\/equipamientos\/","title":{"rendered":"Equipamientos"},"content":{"rendered":"\t\t<div data-elementor-type=\"wp-page\" data-elementor-id=\"377\" class=\"elementor elementor-377\" data-elementor-settings=\"[]\">\n\t\t\t\t\t\t<div class=\"elementor-inner\">\n\t\t\t\t\t\t\t<div class=\"elementor-section-wrap\">\n\t\t\t\t\t\t\t<section class=\"elementor-section elementor-top-section elementor-element elementor-element-1103b17 elementor-section-full_width elementor-section-stretched elementor-section-height-default elementor-section-height-default\" data-id=\"1103b17\" data-element_type=\"section\" data-settings=\"{&quot;stretch_section&quot;:&quot;section-stretched&quot;}\">\n\t\t\t\t\t\t<div class=\"elementor-container elementor-column-gap-default\">\n\t\t\t\t\t\t\t<div class=\"elementor-row\">\n\t\t\t\t\t<div class=\"elementor-column elementor-col-100 elementor-top-column elementor-element elementor-element-533a2ef\" data-id=\"533a2ef\" data-element_type=\"column\">\n\t\t\t<div class=\"elementor-column-wrap elementor-element-populated\">\n\t\t\t\t\t\t\t<div class=\"elementor-widget-wrap\">\n\t\t\t\t\t\t<div class=\"elementor-element elementor-element-7e8c707 elementor-widget elementor-widget-heading\" data-id=\"7e8c707\" data-element_type=\"widget\" data-widget_type=\"heading.default\">\n\t\t\t\t<div class=\"elementor-widget-container\">\n\t\t\t<h1 class=\"elementor-heading-title elementor-size-default\">Equipamientos<\/h1>\t\t<\/div>\n\t\t\t\t<\/div>\n\t\t\t\t<div class=\"elementor-element elementor-element-2eece81 elementor-widget elementor-widget-spacer\" data-id=\"2eece81\" data-element_type=\"widget\" data-widget_type=\"spacer.default\">\n\t\t\t\t<div class=\"elementor-widget-container\">\n\t\t\t\t\t<div class=\"elementor-spacer\">\n\t\t\t<div class=\"elementor-spacer-inner\"><\/div>\n\t\t<\/div>\n\t\t\t\t<\/div>\n\t\t\t\t<\/div>\n\t\t\t\t\t\t<\/div>\n\t\t\t\t\t<\/div>\n\t\t<\/div>\n\t\t\t\t\t\t\t\t<\/div>\n\t\t\t\t\t<\/div>\n\t\t<\/section>\n\t\t\t\t<section class=\"elementor-section elementor-top-section elementor-element elementor-element-a8747a0 elementor-section-stretched elementor-section-boxed elementor-section-height-default elementor-section-height-default\" data-id=\"a8747a0\" data-element_type=\"section\" data-settings=\"{&quot;stretch_section&quot;:&quot;section-stretched&quot;}\">\n\t\t\t\t\t\t<div class=\"elementor-container elementor-column-gap-default\">\n\t\t\t\t\t\t\t<div class=\"elementor-row\">\n\t\t\t\t\t<div class=\"elementor-column elementor-col-50 elementor-top-column elementor-element elementor-element-fcc6315\" data-id=\"fcc6315\" data-element_type=\"column\">\n\t\t\t<div class=\"elementor-column-wrap elementor-element-populated\">\n\t\t\t\t\t\t\t<div class=\"elementor-widget-wrap\">\n\t\t\t\t\t\t<div class=\"elementor-element elementor-element-e8ce5d8 elementor-widget elementor-widget-image-gallery\" data-id=\"e8ce5d8\" data-element_type=\"widget\" data-widget_type=\"image-gallery.default\">\n\t\t\t\t<div class=\"elementor-widget-container\">\n\t\t\t\t\t<div class=\"elementor-image-gallery\">\n\t\t\t<div id='gallery-1' class='gallery galleryid-377 gallery-columns-2 gallery-size-medium_large'><figure class='gallery-item'>\n\t\t\t<div class='gallery-icon landscape'>\n\t\t\t\t<a data-elementor-open-lightbox=\"yes\" data-elementor-lightbox-slideshow=\"e8ce5d8\" data-elementor-lightbox-title=\"PHOTO-2020-11-05-20-22-55\" href='http:\/\/metrica.com.py\/sitio\/wp-content\/uploads\/2021\/01\/PHOTO-2020-11-05-20-22-55.jpg'><img loading=\"lazy\" decoding=\"async\" width=\"740\" height=\"555\" src=\"http:\/\/metrica.com.py\/sitio\/wp-content\/uploads\/2021\/01\/PHOTO-2020-11-05-20-22-55-768x576.jpg\" class=\"attachment-medium_large size-medium_large\" alt=\"\" srcset=\"http:\/\/metrica.com.py\/sitio\/wp-content\/uploads\/2021\/01\/PHOTO-2020-11-05-20-22-55-768x576.jpg 768w, http:\/\/metrica.com.py\/sitio\/wp-content\/uploads\/2021\/01\/PHOTO-2020-11-05-20-22-55-600x450.jpg 600w, http:\/\/metrica.com.py\/sitio\/wp-content\/uploads\/2021\/01\/PHOTO-2020-11-05-20-22-55-300x225.jpg 300w, http:\/\/metrica.com.py\/sitio\/wp-content\/uploads\/2021\/01\/PHOTO-2020-11-05-20-22-55-1024x768.jpg 1024w, http:\/\/metrica.com.py\/sitio\/wp-content\/uploads\/2021\/01\/PHOTO-2020-11-05-20-22-55.jpg 1280w\" sizes=\"auto, (max-width: 740px) 100vw, 740px\" \/><\/a>\n\t\t\t<\/div><\/figure><figure class='gallery-item'>\n\t\t\t<div class='gallery-icon landscape'>\n\t\t\t\t<a data-elementor-open-lightbox=\"yes\" data-elementor-lightbox-slideshow=\"e8ce5d8\" data-elementor-lightbox-title=\"PHOTO-2020-11-05-20-22-53 (1)\" href='http:\/\/metrica.com.py\/sitio\/wp-content\/uploads\/2021\/01\/PHOTO-2020-11-05-20-22-53-1.jpg'><img loading=\"lazy\" decoding=\"async\" width=\"740\" height=\"555\" src=\"http:\/\/metrica.com.py\/sitio\/wp-content\/uploads\/2021\/01\/PHOTO-2020-11-05-20-22-53-1-768x576.jpg\" class=\"attachment-medium_large size-medium_large\" alt=\"\" srcset=\"http:\/\/metrica.com.py\/sitio\/wp-content\/uploads\/2021\/01\/PHOTO-2020-11-05-20-22-53-1-768x576.jpg 768w, http:\/\/metrica.com.py\/sitio\/wp-content\/uploads\/2021\/01\/PHOTO-2020-11-05-20-22-53-1-600x450.jpg 600w, http:\/\/metrica.com.py\/sitio\/wp-content\/uploads\/2021\/01\/PHOTO-2020-11-05-20-22-53-1-300x225.jpg 300w, http:\/\/metrica.com.py\/sitio\/wp-content\/uploads\/2021\/01\/PHOTO-2020-11-05-20-22-53-1-1024x768.jpg 1024w, http:\/\/metrica.com.py\/sitio\/wp-content\/uploads\/2021\/01\/PHOTO-2020-11-05-20-22-53-1.jpg 1280w\" sizes=\"auto, (max-width: 740px) 100vw, 740px\" \/><\/a>\n\t\t\t<\/div><\/figure><figure class='gallery-item'>\n\t\t\t<div class='gallery-icon landscape'>\n\t\t\t\t<a data-elementor-open-lightbox=\"yes\" data-elementor-lightbox-slideshow=\"e8ce5d8\" data-elementor-lightbox-title=\"PHOTO-2020-11-05-20-22-51\" href='http:\/\/metrica.com.py\/sitio\/wp-content\/uploads\/2021\/01\/PHOTO-2020-11-05-20-22-51.jpg'><img loading=\"lazy\" decoding=\"async\" width=\"740\" height=\"555\" src=\"http:\/\/metrica.com.py\/sitio\/wp-content\/uploads\/2021\/01\/PHOTO-2020-11-05-20-22-51-768x576.jpg\" class=\"attachment-medium_large size-medium_large\" alt=\"\" srcset=\"http:\/\/metrica.com.py\/sitio\/wp-content\/uploads\/2021\/01\/PHOTO-2020-11-05-20-22-51-768x576.jpg 768w, http:\/\/metrica.com.py\/sitio\/wp-content\/uploads\/2021\/01\/PHOTO-2020-11-05-20-22-51-600x450.jpg 600w, http:\/\/metrica.com.py\/sitio\/wp-content\/uploads\/2021\/01\/PHOTO-2020-11-05-20-22-51-300x225.jpg 300w, http:\/\/metrica.com.py\/sitio\/wp-content\/uploads\/2021\/01\/PHOTO-2020-11-05-20-22-51-1024x768.jpg 1024w, http:\/\/metrica.com.py\/sitio\/wp-content\/uploads\/2021\/01\/PHOTO-2020-11-05-20-22-51.jpg 1280w\" sizes=\"auto, (max-width: 740px) 100vw, 740px\" \/><\/a>\n\t\t\t<\/div><\/figure>\n\t\t<\/div>\n\t\t<\/div>\n\t\t\t\t<\/div>\n\t\t\t\t<\/div>\n\t\t\t\t\t\t<\/div>\n\t\t\t\t\t<\/div>\n\t\t<\/div>\n\t\t\t\t<div class=\"elementor-column elementor-col-50 elementor-top-column elementor-element elementor-element-2c551af\" data-id=\"2c551af\" data-element_type=\"column\">\n\t\t\t<div class=\"elementor-column-wrap elementor-element-populated\">\n\t\t\t\t\t\t\t<div class=\"elementor-widget-wrap\">\n\t\t\t\t\t\t<div class=\"elementor-element elementor-element-1faf439 elementor-widget elementor-widget-heading\" data-id=\"1faf439\" data-element_type=\"widget\" data-widget_type=\"heading.default\">\n\t\t\t\t<div class=\"elementor-widget-container\">\n\t\t\t<h2 class=\"elementor-heading-title elementor-size-default\">PERFILOMETRO LASER<\/h2>\t\t<\/div>\n\t\t\t\t<\/div>\n\t\t\t\t<div class=\"elementor-element elementor-element-32fa360 elementor-widget elementor-widget-text-editor\" data-id=\"32fa360\" data-element_type=\"widget\" data-widget_type=\"text-editor.default\">\n\t\t\t\t<div class=\"elementor-widget-container\">\n\t\t\t\t\t<div class=\"elementor-text-editor elementor-clearfix\"><p>El uso de perfil\u00f3metros laser para medir el \u00cdndice de Rugosidad Internacional (IRI), la macro textura, el perfil transversal y el ahuellamiento de los pavimentos es parte del proceso de control de calidad, y sirve tambi\u00e9n para el desarrollo de estrategias de gesti\u00f3n de mantenimiento y rehabilitaci\u00f3n.<\/p><p><strong>El equipo permite:<\/strong><\/p><ul><li>Obtener distintos \u00edndices de regularidad superficial de los firmes, haciendo posible la auscultaci\u00f3n sistem\u00e1tica de la red de carreteras.<\/li><li>Detectar problemas relacionados con la regularidad transversal de los firmes (roderas, zonas de posible formaci\u00f3n de charcos, etc.).<\/li><li>Determinar de manera continua la profundidad de textura.<\/li><\/ul><\/div>\n\t\t\t\t<\/div>\n\t\t\t\t<\/div>\n\t\t\t\t\t\t<\/div>\n\t\t\t\t\t<\/div>\n\t\t<\/div>\n\t\t\t\t\t\t\t\t<\/div>\n\t\t\t\t\t<\/div>\n\t\t<\/section>\n\t\t\t\t<section class=\"elementor-section elementor-top-section elementor-element elementor-element-a23d3ff elementor-section-stretched elementor-section-boxed elementor-section-height-default elementor-section-height-default\" data-id=\"a23d3ff\" data-element_type=\"section\" data-settings=\"{&quot;stretch_section&quot;:&quot;section-stretched&quot;}\">\n\t\t\t\t\t\t<div class=\"elementor-container elementor-column-gap-default\">\n\t\t\t\t\t\t\t<div class=\"elementor-row\">\n\t\t\t\t\t<div class=\"elementor-column elementor-col-100 elementor-top-column elementor-element elementor-element-193a756\" data-id=\"193a756\" data-element_type=\"column\">\n\t\t\t<div class=\"elementor-column-wrap elementor-element-populated\">\n\t\t\t\t\t\t\t<div class=\"elementor-widget-wrap\">\n\t\t\t\t\t\t<div class=\"elementor-element elementor-element-b4bc6e1 elementor-widget elementor-widget-spacer\" data-id=\"b4bc6e1\" data-element_type=\"widget\" data-widget_type=\"spacer.default\">\n\t\t\t\t<div class=\"elementor-widget-container\">\n\t\t\t\t\t<div class=\"elementor-spacer\">\n\t\t\t<div class=\"elementor-spacer-inner\"><\/div>\n\t\t<\/div>\n\t\t\t\t<\/div>\n\t\t\t\t<\/div>\n\t\t\t\t\t\t<\/div>\n\t\t\t\t\t<\/div>\n\t\t<\/div>\n\t\t\t\t\t\t\t\t<\/div>\n\t\t\t\t\t<\/div>\n\t\t<\/section>\n\t\t\t\t<section class=\"elementor-section elementor-top-section elementor-element elementor-element-d310b13 elementor-section-stretched elementor-section-boxed elementor-section-height-default elementor-section-height-default\" data-id=\"d310b13\" data-element_type=\"section\" data-settings=\"{&quot;stretch_section&quot;:&quot;section-stretched&quot;}\">\n\t\t\t\t\t\t<div class=\"elementor-container elementor-column-gap-default\">\n\t\t\t\t\t\t\t<div class=\"elementor-row\">\n\t\t\t\t\t<div class=\"elementor-column elementor-col-50 elementor-top-column elementor-element elementor-element-6396184\" data-id=\"6396184\" data-element_type=\"column\">\n\t\t\t<div class=\"elementor-column-wrap elementor-element-populated\">\n\t\t\t\t\t\t\t<div class=\"elementor-widget-wrap\">\n\t\t\t\t\t\t<div class=\"elementor-element elementor-element-6c44e5b elementor-widget elementor-widget-heading\" data-id=\"6c44e5b\" data-element_type=\"widget\" data-widget_type=\"heading.default\">\n\t\t\t\t<div class=\"elementor-widget-container\">\n\t\t\t<h2 class=\"elementor-heading-title elementor-size-default\">IRI<\/h2>\t\t<\/div>\n\t\t\t\t<\/div>\n\t\t\t\t<div class=\"elementor-element elementor-element-237063a elementor-widget elementor-widget-text-editor\" data-id=\"237063a\" data-element_type=\"widget\" data-widget_type=\"text-editor.default\">\n\t\t\t\t<div class=\"elementor-widget-container\">\n\t\t\t\t\t<div class=\"elementor-text-editor elementor-clearfix\"><p>El rugos\u00edmetro por respuesta tipo III mide el \u00cdndice de Rugosidad Internacional (IRI). Es uno de los equipos aprobados por el Banco Mundial para realizar este ensayo.<\/p><p>Mide la variaci\u00f3n del desplazamiento vertical sobre la variaci\u00f3n del desplazamiento horizontal y de esta manera se obtiene informaci\u00f3n de la serviciabilidad que ofrecen las carreteras.<\/p><p>En el procesamiento de los datos, se eliminan todos los eventos que nada tengan que ver con la calidad funcional de la ruta que arrojan resultados que no se adecuan a la realidad, como por ejemplo: sem\u00e1foros, lomadas, juntas de puentes, peajes, etc.<\/p><\/div>\n\t\t\t\t<\/div>\n\t\t\t\t<\/div>\n\t\t\t\t\t\t<\/div>\n\t\t\t\t\t<\/div>\n\t\t<\/div>\n\t\t\t\t<div class=\"elementor-column elementor-col-50 elementor-top-column elementor-element elementor-element-9ee4b5a\" data-id=\"9ee4b5a\" data-element_type=\"column\">\n\t\t\t<div class=\"elementor-column-wrap elementor-element-populated\">\n\t\t\t\t\t\t\t<div class=\"elementor-widget-wrap\">\n\t\t\t\t\t\t<div class=\"elementor-element elementor-element-f3380f0 elementor-widget elementor-widget-image-gallery\" data-id=\"f3380f0\" data-element_type=\"widget\" data-widget_type=\"image-gallery.default\">\n\t\t\t\t<div class=\"elementor-widget-container\">\n\t\t\t\t\t<div class=\"elementor-image-gallery\">\n\t\t\t<div id='gallery-2' class='gallery galleryid-377 gallery-columns-2 gallery-size-medium_large'><figure class='gallery-item'>\n\t\t\t<div class='gallery-icon portrait'>\n\t\t\t\t<a data-elementor-open-lightbox=\"yes\" data-elementor-lightbox-slideshow=\"f3380f0\" data-elementor-lightbox-title=\"PHOTO-2020-06-19-07-21-33\" href='http:\/\/metrica.com.py\/sitio\/wp-content\/uploads\/2021\/01\/PHOTO-2020-06-19-07-21-33.jpg'><img loading=\"lazy\" decoding=\"async\" width=\"740\" height=\"987\" src=\"http:\/\/metrica.com.py\/sitio\/wp-content\/uploads\/2021\/01\/PHOTO-2020-06-19-07-21-33-768x1024.jpg\" class=\"attachment-medium_large size-medium_large\" alt=\"\" srcset=\"http:\/\/metrica.com.py\/sitio\/wp-content\/uploads\/2021\/01\/PHOTO-2020-06-19-07-21-33-768x1024.jpg 768w, http:\/\/metrica.com.py\/sitio\/wp-content\/uploads\/2021\/01\/PHOTO-2020-06-19-07-21-33-600x800.jpg 600w, http:\/\/metrica.com.py\/sitio\/wp-content\/uploads\/2021\/01\/PHOTO-2020-06-19-07-21-33-225x300.jpg 225w, http:\/\/metrica.com.py\/sitio\/wp-content\/uploads\/2021\/01\/PHOTO-2020-06-19-07-21-33.jpg 960w\" sizes=\"auto, (max-width: 740px) 100vw, 740px\" \/><\/a>\n\t\t\t<\/div><\/figure><figure class='gallery-item'>\n\t\t\t<div class='gallery-icon portrait'>\n\t\t\t\t<a data-elementor-open-lightbox=\"yes\" data-elementor-lightbox-slideshow=\"f3380f0\" data-elementor-lightbox-title=\"PHOTO-2020-06-19-07-21-31\" href='http:\/\/metrica.com.py\/sitio\/wp-content\/uploads\/2021\/01\/PHOTO-2020-06-19-07-21-31.jpg'><img loading=\"lazy\" decoding=\"async\" width=\"740\" height=\"987\" src=\"http:\/\/metrica.com.py\/sitio\/wp-content\/uploads\/2021\/01\/PHOTO-2020-06-19-07-21-31-768x1024.jpg\" class=\"attachment-medium_large size-medium_large\" alt=\"\" srcset=\"http:\/\/metrica.com.py\/sitio\/wp-content\/uploads\/2021\/01\/PHOTO-2020-06-19-07-21-31-768x1024.jpg 768w, http:\/\/metrica.com.py\/sitio\/wp-content\/uploads\/2021\/01\/PHOTO-2020-06-19-07-21-31-600x800.jpg 600w, http:\/\/metrica.com.py\/sitio\/wp-content\/uploads\/2021\/01\/PHOTO-2020-06-19-07-21-31-225x300.jpg 225w, http:\/\/metrica.com.py\/sitio\/wp-content\/uploads\/2021\/01\/PHOTO-2020-06-19-07-21-31.jpg 960w\" sizes=\"auto, (max-width: 740px) 100vw, 740px\" \/><\/a>\n\t\t\t<\/div><\/figure>\n\t\t<\/div>\n\t\t<\/div>\n\t\t\t\t<\/div>\n\t\t\t\t<\/div>\n\t\t\t\t\t\t<\/div>\n\t\t\t\t\t<\/div>\n\t\t<\/div>\n\t\t\t\t\t\t\t\t<\/div>\n\t\t\t\t\t<\/div>\n\t\t<\/section>\n\t\t\t\t<section class=\"elementor-section elementor-top-section elementor-element elementor-element-c5fb693 elementor-section-stretched elementor-section-boxed elementor-section-height-default elementor-section-height-default\" data-id=\"c5fb693\" data-element_type=\"section\" data-settings=\"{&quot;stretch_section&quot;:&quot;section-stretched&quot;}\">\n\t\t\t\t\t\t<div class=\"elementor-container elementor-column-gap-default\">\n\t\t\t\t\t\t\t<div class=\"elementor-row\">\n\t\t\t\t\t<div class=\"elementor-column elementor-col-100 elementor-top-column elementor-element elementor-element-337be45\" data-id=\"337be45\" data-element_type=\"column\">\n\t\t\t<div class=\"elementor-column-wrap elementor-element-populated\">\n\t\t\t\t\t\t\t<div class=\"elementor-widget-wrap\">\n\t\t\t\t\t\t<div class=\"elementor-element elementor-element-961306c elementor-widget elementor-widget-spacer\" data-id=\"961306c\" data-element_type=\"widget\" data-widget_type=\"spacer.default\">\n\t\t\t\t<div class=\"elementor-widget-container\">\n\t\t\t\t\t<div class=\"elementor-spacer\">\n\t\t\t<div class=\"elementor-spacer-inner\"><\/div>\n\t\t<\/div>\n\t\t\t\t<\/div>\n\t\t\t\t<\/div>\n\t\t\t\t\t\t<\/div>\n\t\t\t\t\t<\/div>\n\t\t<\/div>\n\t\t\t\t\t\t\t\t<\/div>\n\t\t\t\t\t<\/div>\n\t\t<\/section>\n\t\t\t\t<section class=\"elementor-section elementor-top-section elementor-element elementor-element-894e891 elementor-section-stretched elementor-section-boxed elementor-section-height-default elementor-section-height-default\" data-id=\"894e891\" data-element_type=\"section\" data-settings=\"{&quot;stretch_section&quot;:&quot;section-stretched&quot;}\">\n\t\t\t\t\t\t<div class=\"elementor-container elementor-column-gap-default\">\n\t\t\t\t\t\t\t<div class=\"elementor-row\">\n\t\t\t\t\t<div class=\"elementor-column elementor-col-50 elementor-top-column elementor-element elementor-element-a3131fe\" data-id=\"a3131fe\" data-element_type=\"column\">\n\t\t\t<div class=\"elementor-column-wrap elementor-element-populated\">\n\t\t\t\t\t\t\t<div class=\"elementor-widget-wrap\">\n\t\t\t\t\t\t<div class=\"elementor-element elementor-element-8d8f594 elementor-widget elementor-widget-image-gallery\" data-id=\"8d8f594\" data-element_type=\"widget\" data-widget_type=\"image-gallery.default\">\n\t\t\t\t<div class=\"elementor-widget-container\">\n\t\t\t\t\t<div class=\"elementor-image-gallery\">\n\t\t\t<div id='gallery-3' class='gallery galleryid-377 gallery-columns-2 gallery-size-medium_large'><figure class='gallery-item'>\n\t\t\t<div class='gallery-icon portrait'>\n\t\t\t\t<a data-elementor-open-lightbox=\"yes\" data-elementor-lightbox-slideshow=\"8d8f594\" data-elementor-lightbox-title=\"PHOTO-2020-07-01-20-47-47 (1)\" href='http:\/\/metrica.com.py\/sitio\/wp-content\/uploads\/2021\/01\/PHOTO-2020-07-01-20-47-47-1.jpg'><img loading=\"lazy\" decoding=\"async\" width=\"740\" height=\"987\" src=\"http:\/\/metrica.com.py\/sitio\/wp-content\/uploads\/2021\/01\/PHOTO-2020-07-01-20-47-47-1-768x1024.jpg\" class=\"attachment-medium_large size-medium_large\" alt=\"\" srcset=\"http:\/\/metrica.com.py\/sitio\/wp-content\/uploads\/2021\/01\/PHOTO-2020-07-01-20-47-47-1-768x1024.jpg 768w, http:\/\/metrica.com.py\/sitio\/wp-content\/uploads\/2021\/01\/PHOTO-2020-07-01-20-47-47-1-600x800.jpg 600w, http:\/\/metrica.com.py\/sitio\/wp-content\/uploads\/2021\/01\/PHOTO-2020-07-01-20-47-47-1-225x300.jpg 225w, http:\/\/metrica.com.py\/sitio\/wp-content\/uploads\/2021\/01\/PHOTO-2020-07-01-20-47-47-1.jpg 960w\" sizes=\"auto, (max-width: 740px) 100vw, 740px\" \/><\/a>\n\t\t\t<\/div><\/figure><figure class='gallery-item'>\n\t\t\t<div class='gallery-icon portrait'>\n\t\t\t\t<a data-elementor-open-lightbox=\"yes\" data-elementor-lightbox-slideshow=\"8d8f594\" data-elementor-lightbox-title=\"PHOTO-2020-06-04-14-31-43 (3)\" href='http:\/\/metrica.com.py\/sitio\/wp-content\/uploads\/2021\/01\/PHOTO-2020-06-04-14-31-43-3.jpg'><img loading=\"lazy\" decoding=\"async\" width=\"740\" height=\"987\" src=\"http:\/\/metrica.com.py\/sitio\/wp-content\/uploads\/2021\/01\/PHOTO-2020-06-04-14-31-43-3.jpg\" class=\"attachment-medium_large size-medium_large\" alt=\"\" srcset=\"http:\/\/metrica.com.py\/sitio\/wp-content\/uploads\/2021\/01\/PHOTO-2020-06-04-14-31-43-3.jpg 768w, http:\/\/metrica.com.py\/sitio\/wp-content\/uploads\/2021\/01\/PHOTO-2020-06-04-14-31-43-3-600x800.jpg 600w, http:\/\/metrica.com.py\/sitio\/wp-content\/uploads\/2021\/01\/PHOTO-2020-06-04-14-31-43-3-225x300.jpg 225w\" sizes=\"auto, (max-width: 740px) 100vw, 740px\" \/><\/a>\n\t\t\t<\/div><\/figure><figure class='gallery-item'>\n\t\t\t<div class='gallery-icon portrait'>\n\t\t\t\t<a data-elementor-open-lightbox=\"yes\" data-elementor-lightbox-slideshow=\"8d8f594\" data-elementor-lightbox-title=\"PHOTO-2020-08-01-15-48-53\" href='http:\/\/metrica.com.py\/sitio\/wp-content\/uploads\/2021\/01\/PHOTO-2020-08-01-15-48-53.jpg'><img loading=\"lazy\" decoding=\"async\" width=\"740\" height=\"987\" src=\"http:\/\/metrica.com.py\/sitio\/wp-content\/uploads\/2021\/01\/PHOTO-2020-08-01-15-48-53-768x1024.jpg\" class=\"attachment-medium_large size-medium_large\" alt=\"\" srcset=\"http:\/\/metrica.com.py\/sitio\/wp-content\/uploads\/2021\/01\/PHOTO-2020-08-01-15-48-53-768x1024.jpg 768w, http:\/\/metrica.com.py\/sitio\/wp-content\/uploads\/2021\/01\/PHOTO-2020-08-01-15-48-53-600x800.jpg 600w, http:\/\/metrica.com.py\/sitio\/wp-content\/uploads\/2021\/01\/PHOTO-2020-08-01-15-48-53-225x300.jpg 225w, http:\/\/metrica.com.py\/sitio\/wp-content\/uploads\/2021\/01\/PHOTO-2020-08-01-15-48-53.jpg 960w\" sizes=\"auto, (max-width: 740px) 100vw, 740px\" \/><\/a>\n\t\t\t<\/div><\/figure><figure class='gallery-item'>\n\t\t\t<div class='gallery-icon portrait'>\n\t\t\t\t<a data-elementor-open-lightbox=\"yes\" data-elementor-lightbox-slideshow=\"8d8f594\" data-elementor-lightbox-title=\"PHOTO-2020-03-16-12-19-33\" href='http:\/\/metrica.com.py\/sitio\/wp-content\/uploads\/2021\/01\/PHOTO-2020-03-16-12-19-33.jpg'><img loading=\"lazy\" decoding=\"async\" width=\"740\" height=\"987\" src=\"http:\/\/metrica.com.py\/sitio\/wp-content\/uploads\/2021\/01\/PHOTO-2020-03-16-12-19-33-768x1024.jpg\" class=\"attachment-medium_large size-medium_large\" alt=\"\" srcset=\"http:\/\/metrica.com.py\/sitio\/wp-content\/uploads\/2021\/01\/PHOTO-2020-03-16-12-19-33-768x1024.jpg 768w, http:\/\/metrica.com.py\/sitio\/wp-content\/uploads\/2021\/01\/PHOTO-2020-03-16-12-19-33-600x800.jpg 600w, http:\/\/metrica.com.py\/sitio\/wp-content\/uploads\/2021\/01\/PHOTO-2020-03-16-12-19-33-225x300.jpg 225w, http:\/\/metrica.com.py\/sitio\/wp-content\/uploads\/2021\/01\/PHOTO-2020-03-16-12-19-33.jpg 960w\" sizes=\"auto, (max-width: 740px) 100vw, 740px\" \/><\/a>\n\t\t\t<\/div><\/figure>\n\t\t<\/div>\n\t\t<\/div>\n\t\t\t\t<\/div>\n\t\t\t\t<\/div>\n\t\t\t\t\t\t<\/div>\n\t\t\t\t\t<\/div>\n\t\t<\/div>\n\t\t\t\t<div class=\"elementor-column elementor-col-50 elementor-top-column elementor-element elementor-element-0f31ca4\" data-id=\"0f31ca4\" data-element_type=\"column\">\n\t\t\t<div class=\"elementor-column-wrap elementor-element-populated\">\n\t\t\t\t\t\t\t<div class=\"elementor-widget-wrap\">\n\t\t\t\t\t\t<div class=\"elementor-element elementor-element-90b476f elementor-widget elementor-widget-heading\" data-id=\"90b476f\" data-element_type=\"widget\" data-widget_type=\"heading.default\">\n\t\t\t\t<div class=\"elementor-widget-container\">\n\t\t\t<h2 class=\"elementor-heading-title elementor-size-default\">HWD<\/h2>\t\t<\/div>\n\t\t\t\t<\/div>\n\t\t\t\t<div class=\"elementor-element elementor-element-7d027d0 elementor-widget elementor-widget-text-editor\" data-id=\"7d027d0\" data-element_type=\"widget\" data-widget_type=\"text-editor.default\">\n\t\t\t\t<div class=\"elementor-widget-container\">\n\t\t\t\t\t<div class=\"elementor-text-editor elementor-clearfix\"><p>La deflexi\u00f3n es el par\u00e1metro universalmente empleado para la caracterizaci\u00f3n de la capacidad estructural de un pavimento. El ensayo consiste en la aplicaci\u00f3n de una carga y la medici\u00f3n de la deformaci\u00f3n producida en su superficie por efecto de la misma.<\/p><p>El an\u00e1lisis de los resultados permite en primera instancia, discretizar el itinerario por zonas de deflexi\u00f3n homog\u00e9neas, en las que, al menos cualitativamente, se puedan delimitar secciones de distinta capacidad portante.<\/p><p>De esa manera, el T\u00e9cnico conocer\u00e1 los tramos en que se precisa actuar, concentrando en ellos los medios materiales necesarios para restablecer en su caso las cualidades estructurales necesarias para soportar el tr\u00e1fico previsto en proyecto.<\/p><p>El equipo esta preparado para utilizarse tanto en pavimentos r\u00edgidos como flexibles, en carreteras y en aeropuertos.<br \/>El reporte del Deflect\u00f3metro de Impacto Pesado (Heavy Weight Deflectometer) es usado:<\/p><ul><li>Para determinar la capa de falla y las soluciones \u00f3ptimas de rehabilitaci\u00f3n.<\/li><li>Para realizar control de calidad en obra de pavimentos existentes y nuevos.<\/li><li>Para mejorar y comprender los modelos de pavimentos.<\/li><li>En la gesti\u00f3n del pavimento.<\/li><li>En la investigaci\u00f3n de pavimentos.<\/li><\/ul><p>Nuestro Deflectometro de Impacto Pesado (HWD) cuenta con varios trabajos realizados en toda la Red Vial del Paraguay, sumando as\u00ed varios kil\u00f3metros de carreteras analizados y as\u00ed tambi\u00e9n el Aeropuerto Internacional Silvio Pettirossi.<\/p><\/div>\n\t\t\t\t<\/div>\n\t\t\t\t<\/div>\n\t\t\t\t\t\t<\/div>\n\t\t\t\t\t<\/div>\n\t\t<\/div>\n\t\t\t\t\t\t\t\t<\/div>\n\t\t\t\t\t<\/div>\n\t\t<\/section>\n\t\t\t\t\t\t<\/div>\n\t\t\t\t\t\t<\/div>\n\t\t\t\t\t<\/div>\n\t\t","protected":false},"excerpt":{"rendered":"<p>Equipamientos PERFILOMETRO LASER El uso de perfil\u00f3metros laser para medir el \u00cdndice de Rugosidad Internacional (IRI), la macro textura, el perfil transversal y el ahuellamiento de los pavimentos es parte del proceso de control de calidad, y sirve tambi\u00e9n para el desarrollo de estrategias de gesti\u00f3n de mantenimiento y rehabilitaci\u00f3n. El equipo permite: Obtener distintos [&hellip;]<\/p>\n","protected":false},"author":1,"featured_media":0,"parent":0,"menu_order":0,"comment_status":"closed","ping_status":"closed","template":"","meta":{"footnotes":""},"class_list":["post-377","page","type-page","status-publish","hentry"],"_links":{"self":[{"href":"http:\/\/metrica.com.py\/sitio\/wp-json\/wp\/v2\/pages\/377","targetHints":{"allow":["GET"]}}],"collection":[{"href":"http:\/\/metrica.com.py\/sitio\/wp-json\/wp\/v2\/pages"}],"about":[{"href":"http:\/\/metrica.com.py\/sitio\/wp-json\/wp\/v2\/types\/page"}],"author":[{"embeddable":true,"href":"http:\/\/metrica.com.py\/sitio\/wp-json\/wp\/v2\/users\/1"}],"replies":[{"embeddable":true,"href":"http:\/\/metrica.com.py\/sitio\/wp-json\/wp\/v2\/comments?post=377"}],"version-history":[{"count":19,"href":"http:\/\/metrica.com.py\/sitio\/wp-json\/wp\/v2\/pages\/377\/revisions"}],"predecessor-version":[{"id":409,"href":"http:\/\/metrica.com.py\/sitio\/wp-json\/wp\/v2\/pages\/377\/revisions\/409"}],"wp:attachment":[{"href":"http:\/\/metrica.com.py\/sitio\/wp-json\/wp\/v2\/media?parent=377"}],"curies":[{"name":"wp","href":"https:\/\/api.w.org\/{rel}","templated":true}]}}